{"id":33621,"date":"2023-05-17T14:31:10","date_gmt":"2023-05-17T12:31:10","guid":{"rendered":"https:\/\/dev.imprimante-3d-volumic.com\/?page_id=33621"},"modified":"2023-05-25T15:53:36","modified_gmt":"2023-05-25T13:53:36","slug":"articles-1","status":"publish","type":"page","link":"https:\/\/imprimante-3d-volumic.com\/fr\/articles-1\/","title":{"rendered":"Articles"},"content":{"rendered":"\t\t<div data-elementor-type=\"wp-page\" data-elementor-id=\"33621\" class=\"elementor elementor-33621\">\n\t\t\t\t\t\t\t\t\t<section class=\"elementor-section elementor-top-section elementor-element elementor-element-b69a978 elementor-section-boxed elementor-section-height-default elementor-section-height-default\" data-id=\"b69a978\" data-element_type=\"section\">\n\t\t\t\t\t\t<div class=\"elementor-container elementor-column-gap-default\">\n\t\t\t\t\t<div class=\"elementor-column elementor-col-100 elementor-top-column elementor-element elementor-element-a465530\" data-id=\"a465530\" data-element_type=\"column\">\n\t\t\t<div class=\"elementor-widget-wrap elementor-element-populated\">\n\t\t\t\t\t\t\t\t<div class=\"elementor-element elementor-element-d6460ef elementor-widget elementor-widget-heading\" data-id=\"d6460ef\" data-element_type=\"widget\" data-widget_type=\"heading.default\">\n\t\t\t\t<div class=\"elementor-widget-container\">\n\t\t\t<style>\/*! elementor - v3.13.3 - 28-05-2023 *\/\n.elementor-heading-title{padding:0;margin:0;line-height:1}.elementor-widget-heading .elementor-heading-title[class*=elementor-size-]>a{color:inherit;font-size:inherit;line-height:inherit}.elementor-widget-heading .elementor-heading-title.elementor-size-small{font-size:15px}.elementor-widget-heading .elementor-heading-title.elementor-size-medium{font-size:19px}.elementor-widget-heading .elementor-heading-title.elementor-size-large{font-size:29px}.elementor-widget-heading .elementor-heading-title.elementor-size-xl{font-size:39px}.elementor-widget-heading .elementor-heading-title.elementor-size-xxl{font-size:59px}<\/style><h2 class=\"elementor-heading-title elementor-size-default\">Articles<\/h2>\t\t<\/div>\n\t\t\t\t<\/div>\n\t\t\t\t<div class=\"elementor-element elementor-element-0cbaaa6 elementor-widget elementor-widget-jet-listing-grid\" data-id=\"0cbaaa6\" data-element_type=\"widget\" data-settings=\"{&quot;columns&quot;:3,&quot;columns_tablet&quot;:&quot;2&quot;,&quot;columns_mobile&quot;:&quot;1&quot;}\" data-widget_type=\"jet-listing-grid.default\">\n\t\t\t\t<div class=\"elementor-widget-container\">\n\t\t\t<div class=\"jet-listing-grid jet-listing\"><div class=\"jet-listing-grid__items grid-col-desk-3 grid-col-tablet-2 grid-col-mobile-1 jet-listing-grid--29901 jet-equal-columns__wrapper\"  data-nav=\"{&quot;enabled&quot;:false,&quot;type&quot;:null,&quot;more_el&quot;:null,&quot;query&quot;:[],&quot;widget_settings&quot;:{&quot;lisitng_id&quot;:29901,&quot;posts_num&quot;:9,&quot;columns&quot;:3,&quot;columns_tablet&quot;:2,&quot;columns_mobile&quot;:1,&quot;is_archive_template&quot;:&quot;&quot;,&quot;post_status&quot;:[&quot;publish&quot;],&quot;use_random_posts_num&quot;:&quot;&quot;,&quot;max_posts_num&quot;:9,&quot;not_found_message&quot;:&quot;No data was found&quot;,&quot;is_masonry&quot;:false,&quot;equal_columns_height&quot;:&quot;yes&quot;,&quot;use_load_more&quot;:&quot;&quot;,&quot;load_more_id&quot;:&quot;smart-list&quot;,&quot;load_more_type&quot;:&quot;click&quot;,&quot;load_more_offset&quot;:{&quot;unit&quot;:&quot;px&quot;,&quot;size&quot;:0,&quot;sizes&quot;:[]},&quot;use_custom_post_types&quot;:&quot;&quot;,&quot;custom_post_types&quot;:[],&quot;hide_widget_if&quot;:&quot;&quot;,&quot;carousel_enabled&quot;:&quot;&quot;,&quot;slides_to_scroll&quot;:&quot;1&quot;,&quot;arrows&quot;:&quot;true&quot;,&quot;arrow_icon&quot;:&quot;fa fa-angle-left&quot;,&quot;dots&quot;:&quot;&quot;,&quot;autoplay&quot;:&quot;true&quot;,&quot;autoplay_speed&quot;:5000,&quot;infinite&quot;:&quot;true&quot;,&quot;center_mode&quot;:&quot;&quot;,&quot;effect&quot;:&quot;slide&quot;,&quot;speed&quot;:500,&quot;inject_alternative_items&quot;:&quot;&quot;,&quot;injection_items&quot;:[],&quot;scroll_slider_enabled&quot;:&quot;&quot;,&quot;scroll_slider_on&quot;:[&quot;desktop&quot;,&quot;tablet&quot;,&quot;mobile&quot;],&quot;custom_query&quot;:false,&quot;custom_query_id&quot;:&quot;&quot;,&quot;_element_id&quot;:&quot;&quot;}}\" data-page=\"1\" data-pages=\"1\" data-listing-source=\"posts\" data-listing-id=\"29901\" data-query-id=\"\"><style>.elementor-29901 .elementor-element.elementor-element-c0100f8 img{height:340px;object-fit:cover;border-radius:20px 20px 20px 20px;}.elementor-29901 .elementor-element.elementor-element-226912a > .elementor-element-populated{padding:2rem 0rem 0rem 0rem;}.elementor-29901 .elementor-element.elementor-element-c961ee5 .elementor-heading-title{color:var( --e-global-color-accent );font-family:\"Montserrat\", Sans-serif;font-size:1rem;font-weight:400;}.elementor-29901 .elementor-element.elementor-element-40f85d6 .elementor-heading-title{color:var( --e-global-color-text );font-size:1rem;font-weight:600;text-transform:uppercase;line-height:24px;}.elementor-29901 .elementor-element.elementor-element-e6696d1 .jet-listing-dynamic-field .jet-listing-dynamic-field__inline-wrap{width:auto;}.elementor-29901 .elementor-element.elementor-element-e6696d1 .jet-listing-dynamic-field .jet-listing-dynamic-field__content{width:auto;}.elementor-29901 .elementor-element.elementor-element-e6696d1 .jet-listing-dynamic-field{justify-content:flex-start;}.elementor-29901 .elementor-element.elementor-element-e6696d1 .jet-listing-dynamic-field__content{text-align:left;}@media(max-width:1024px){.elementor-29901 .elementor-element.elementor-element-c0100f8 img{height:290px;}}<\/style><div class=\"jet-listing-grid__item jet-listing-dynamic-post-33508 jet-equal-columns\" data-post-id=\"33508\" ><div class=\"jet-engine-listing-overlay-wrap\" data-url=\"https:\/\/imprimante-3d-volumic.com\/fr\/maison-imprimee-en-3d\/\">\t\t<div data-elementor-type=\"jet-listing-items\" data-elementor-id=\"29901\" class=\"elementor elementor-29901\">\n\t\t\t\t\t\t\t\t\t<section class=\"elementor-section elementor-top-section elementor-element elementor-element-785c85b elementor-section-full_width lignes elementor-section-height-default elementor-section-height-default\" data-id=\"785c85b\" data-element_type=\"section\">\n\t\t\t\t\t\t<div class=\"elementor-container elementor-column-gap-no\">\n\t\t\t\t\t<div class=\"elementor-column elementor-col-50 elementor-top-column elementor-element elementor-element-cb43981 colonnes\" data-id=\"cb43981\" data-element_type=\"column\">\n\t\t\t<div class=\"elementor-widget-wrap elementor-element-populated\">\n\t\t\t\t\t\t\t\t<div class=\"elementor-element elementor-element-c0100f8 elementor-widget elementor-widget-image\" data-id=\"c0100f8\" data-element_type=\"widget\" data-widget_type=\"image.default\">\n\t\t\t\t<div class=\"elementor-widget-container\">\n\t\t\t<style>\/*! elementor - v3.13.3 - 28-05-2023 *\/\n.elementor-widget-image{text-align:center}.elementor-widget-image a{display:inline-block}.elementor-widget-image a img[src$=\".svg\"]{width:48px}.elementor-widget-image img{vertical-align:middle;display:inline-block}<\/style>\t\t\t\t\t\t\t\t\t\t\t\t<img decoding=\"async\" width=\"400\" height=\"400\" src=\"https:\/\/imprimante-3d-volumic.com\/wp-content\/uploads\/2023\/05\/Sans-titre-copie-pt3yjgax07k4ziej30grrthxqclpm9mo23tg6uj4io.jpg\" class=\"attachment-full size-full wp-image-33511\" alt=\"\" srcset=\"https:\/\/imprimante-3d-volumic.com\/wp-content\/uploads\/2023\/05\/Sans-titre-copie-pt3yjgax07k4ziej30grrthxqclpm9mo23tg6uj4io.jpg 400w, https:\/\/imprimante-3d-volumic.com\/wp-content\/uploads\/2023\/05\/Sans-titre-copie-pt3yjgax07k4ziej30grrthxqclpm9mo23tg6uj4io-300x300.jpg 300w, https:\/\/imprimante-3d-volumic.com\/wp-content\/uploads\/2023\/05\/Sans-titre-copie-pt3yjgax07k4ziej30grrthxqclpm9mo23tg6uj4io-12x12.jpg 12w\" sizes=\"(max-width: 400px) 100vw, 400px\" \/>\t\t\t\t\t\t\t\t\t\t\t\t\t\t\t<\/div>\n\t\t\t\t<\/div>\n\t\t\t\t\t<\/div>\n\t\t<\/div>\n\t\t\t\t<div class=\"elementor-column elementor-col-50 elementor-top-column elementor-element elementor-element-226912a colonnes\" data-id=\"226912a\" data-element_type=\"column\">\n\t\t\t<div class=\"elementor-widget-wrap elementor-element-populated\">\n\t\t\t\t\t\t\t\t<div class=\"elementor-element elementor-element-c961ee5 elementor-widget elementor-widget-heading\" data-id=\"c961ee5\" data-element_type=\"widget\" data-widget_type=\"heading.default\">\n\t\t\t\t<div class=\"elementor-widget-container\">\n\t\t\t<span class=\"elementor-heading-title elementor-size-default\">16\/05\/2023<\/span>\t\t<\/div>\n\t\t\t\t<\/div>\n\t\t\t\t<div class=\"elementor-element elementor-element-40f85d6 elementor-widget elementor-widget-theme-post-title elementor-page-title elementor-widget-heading\" data-id=\"40f85d6\" data-element_type=\"widget\" data-widget_type=\"theme-post-title.default\">\n\t\t\t\t<div class=\"elementor-widget-container\">\n\t\t\t<h3 class=\"elementor-heading-title elementor-size-default\"><a href=\"https:\/\/imprimante-3d-volumic.com\/fr\/maison-imprimee-en-3d\/\">Maison imprim\u00e9e en 3D<\/a><\/h3>\t\t<\/div>\n\t\t\t\t<\/div>\n\t\t\t\t<div class=\"elementor-element elementor-element-e6696d1 elementor-widget elementor-widget-jet-listing-dynamic-field\" data-id=\"e6696d1\" data-element_type=\"widget\" data-widget_type=\"jet-listing-dynamic-field.default\">\n\t\t\t\t<div class=\"elementor-widget-container\">\n\t\t\t<div class=\"jet-listing jet-listing-dynamic-field display-inline\"><div class=\"jet-listing-dynamic-field__inline-wrap\"><div class=\"jet-listing-dynamic-field__content\">L\u2019impression 3D a bien \u00e9volu\u00e9e avec les ann\u00e9es et nous sommes aujourd\u2019hui capables d\u2019imprimer des maisons en 3D habitables, de...<\/div><\/div><\/div>\t\t<\/div>\n\t\t\t\t<\/div>\n\t\t\t\t\t<\/div>\n\t\t<\/div>\n\t\t\t\t\t\t\t<\/div>\n\t\t<\/section>\n\t\t\t\t\t\t\t<\/div>\n\t\t<a href=\"https:\/\/imprimante-3d-volumic.com\/fr\/maison-imprimee-en-3d\/\" class=\"jet-engine-listing-overlay-link\"><\/a><\/div><\/div><\/div><\/div>\t\t<\/div>\n\t\t\t\t<\/div>\n\t\t\t\t\t<\/div>\n\t\t<\/div>\n\t\t\t\t\t\t\t<\/div>\n\t\t<\/section>\n\t\t\t\t\t\t\t<\/div>\n\t\t","protected":false},"excerpt":{"rendered":"<p>Articles .elementor-29901 .elementor-element.elementor-element-c0100f8 img{height:340px;object-fit:cover;border-radius:20px 20px 20px 20px;}.elementor-29901 .elementor-element.elementor-element-226912a &gt; .elementor-element-populated{padding:2rem 0rem 0rem 0rem;}.elementor-29901 .elementor-element.elementor-element-c961ee5 .elementor-heading-title{color:var( &#8211;e-global-color-accent );font-family:\u00a0\u00bbMontserrat\u00a0\u00bb, Sans-serif;font-size:1rem;font-weight:400;}.elementor-29901 .elementor-element.elementor-element-6ab5c15 .elementor-heading-title{font-family:var( &#8211;e-global-typography-4236a22-font-family ), Sans-serif;font-size:var( &#8211;e-global-typography-4236a22-font-size );font-weight:var( &#8211;e-global-typography-4236a22-font-weight );line-height:var( &#8211;e-global-typography-4236a22-line-height );letter-spacing:var( &#8211;e-global-typography-4236a22-letter-spacing );word-spacing:var( &#8211;e-global-typography-4236a22-word-spacing );}.elementor-29901 .elementor-element.elementor-element-e6696d1 .jet-listing-dynamic-field .jet-listing-dynamic-field__inline-wrap{width:auto;}.elementor-29901 .elementor-element.elementor-element-e6696d1 .jet-listing-dynamic-field .jet-listing-dynamic-field__content{width:auto;}.elementor-29901 .elementor-element.elementor-element-e6696d1 .jet-listing-dynamic-field{justify-content:flex-start;}.elementor-29901 .elementor-element.elementor-element-e6696d1 .jet-listing-dynamic-field__content{text-align:left;}@media(max-width:1024px){.elementor-29901 .elementor-element.elementor-element-c0100f8 img{height:290px;}.elementor-29901 .elementor-element.elementor-element-6ab5c15 .elementor-heading-title{font-size:var( &#8211;e-global-typography-4236a22-font-size );line-height:var( &#8211;e-global-typography-4236a22-line-height );letter-spacing:var( &#8211;e-global-typography-4236a22-letter-spacing );word-spacing:var( &#8211;e-global-typography-4236a22-word-spacing );}}@media(max-width:767px){.elementor-29901 [&hellip;]<\/p>\n","protected":false},"author":7,"featured_media":0,"parent":0,"menu_order":14,"comment_status":"closed","ping_status":"closed","template":"","meta":{"footnotes":""},"folder":[],"class_list":["post-33621","page","type-page","status-publish","hentry"],"yoast_head":"<!-- This site is optimized with the Yoast SEO plugin v20.9 - https:\/\/yoast.com\/wordpress\/plugins\/seo\/ -->\n<title>Actualit\u00e9s et News Imprimantes 3d<\/title>\n<meta name=\"description\" content=\"D\u00e9couvrez les dernieres actualit\u00e9s du fabricant Fran\u00e7ais d&#039;imprimantes 3D : Volumic 3D\" \/>\n<meta name=\"robots\" content=\"index, follow, max-snippet:-1, max-image-preview:large, max-video-preview:-1\" \/>\n<link rel=\"canonical\" href=\"https:\/\/imprimante-3d-volumic.com\/fr\/articles-1\/\" \/>\n<meta property=\"og:locale\" content=\"fr_FR\" \/>\n<meta property=\"og:type\" content=\"article\" \/>\n<meta property=\"og:title\" content=\"Actualit\u00e9s et News Imprimantes 3d\" \/>\n<meta property=\"og:description\" content=\"D\u00e9couvrez les dernieres actualit\u00e9s du fabricant Fran\u00e7ais d&#039;imprimantes 3D : Volumic 3D\" \/>\n<meta property=\"og:url\" content=\"https:\/\/imprimante-3d-volumic.com\/fr\/articles-1\/\" \/>\n<meta property=\"og:site_name\" content=\"Volumic 3D\" \/>\n<meta property=\"article:modified_time\" content=\"2023-05-25T13:53:36+00:00\" \/>\n<meta name=\"twitter:card\" content=\"summary_large_image\" \/>\n<meta name=\"twitter:label1\" content=\"Dur\u00e9e de lecture estim\u00e9e\" \/>\n\t<meta name=\"twitter:data1\" content=\"1 minute\" \/>\n<script type=\"application\/ld+json\" class=\"yoast-schema-graph\">{\"@context\":\"https:\/\/schema.org\",\"@graph\":[{\"@type\":\"WebPage\",\"@id\":\"https:\/\/imprimante-3d-volumic.com\/articles-1\/\",\"url\":\"https:\/\/imprimante-3d-volumic.com\/articles-1\/\",\"name\":\"Actualit\u00e9s et News Imprimantes 3d\",\"isPartOf\":{\"@id\":\"https:\/\/imprimante-3d-volumic.com\/fr\/#website\"},\"datePublished\":\"2023-05-17T12:31:10+00:00\",\"dateModified\":\"2023-05-25T13:53:36+00:00\",\"description\":\"D\u00e9couvrez les dernieres actualit\u00e9s du fabricant Fran\u00e7ais d'imprimantes 3D : Volumic 3D\",\"inLanguage\":\"fr-FR\",\"potentialAction\":[{\"@type\":\"ReadAction\",\"target\":[\"https:\/\/imprimante-3d-volumic.com\/articles-1\/\"]}]},{\"@type\":\"WebSite\",\"@id\":\"https:\/\/imprimante-3d-volumic.com\/fr\/#website\",\"url\":\"https:\/\/imprimante-3d-volumic.com\/fr\/\",\"name\":\"Volumic 3D\",\"description\":\"Imprimantes 3D FDM fabrication fran\u00e7aise | VOLUMIC 3D\",\"publisher\":{\"@id\":\"https:\/\/imprimante-3d-volumic.com\/fr\/#organization\"},\"potentialAction\":[{\"@type\":\"SearchAction\",\"target\":{\"@type\":\"EntryPoint\",\"urlTemplate\":\"https:\/\/imprimante-3d-volumic.com\/fr\/?s={search_term_string}\"},\"query-input\":\"required name=search_term_string\"}],\"inLanguage\":\"fr-FR\"},{\"@type\":\"Organization\",\"@id\":\"https:\/\/imprimante-3d-volumic.com\/fr\/#organization\",\"name\":\"Volumic 3D\",\"url\":\"https:\/\/imprimante-3d-volumic.com\/fr\/\",\"logo\":{\"@type\":\"ImageObject\",\"inLanguage\":\"fr-FR\",\"@id\":\"https:\/\/imprimante-3d-volumic.com\/fr\/#\/schema\/logo\/image\/\",\"url\":\"https:\/\/imprimante-3d-volumic.com\/wp-content\/uploads\/2021\/09\/LOGO-footer.svg\",\"contentUrl\":\"https:\/\/imprimante-3d-volumic.com\/wp-content\/uploads\/2021\/09\/LOGO-footer.svg\",\"width\":1,\"height\":1,\"caption\":\"Volumic 3D\"},\"image\":{\"@id\":\"https:\/\/imprimante-3d-volumic.com\/fr\/#\/schema\/logo\/image\/\"}}]}<\/script>\n<!-- \/ Yoast SEO plugin. -->","yoast_head_json":{"title":"Actualit\u00e9s et News Imprimantes 3d","description":"D\u00e9couvrez les dernieres actualit\u00e9s du fabricant Fran\u00e7ais d'imprimantes 3D : Volumic 3D","robots":{"index":"index","follow":"follow","max-snippet":"max-snippet:-1","max-image-preview":"max-image-preview:large","max-video-preview":"max-video-preview:-1"},"canonical":"https:\/\/imprimante-3d-volumic.com\/fr\/articles-1\/","og_locale":"fr_FR","og_type":"article","og_title":"Actualit\u00e9s et News Imprimantes 3d","og_description":"D\u00e9couvrez les dernieres actualit\u00e9s du fabricant Fran\u00e7ais d'imprimantes 3D : Volumic 3D","og_url":"https:\/\/imprimante-3d-volumic.com\/fr\/articles-1\/","og_site_name":"Volumic 3D","article_modified_time":"2023-05-25T13:53:36+00:00","twitter_card":"summary_large_image","twitter_misc":{"Dur\u00e9e de lecture estim\u00e9e":"1 minute"},"schema":{"@context":"https:\/\/schema.org","@graph":[{"@type":"WebPage","@id":"https:\/\/imprimante-3d-volumic.com\/articles-1\/","url":"https:\/\/imprimante-3d-volumic.com\/articles-1\/","name":"Actualit\u00e9s et News Imprimantes 3d","isPartOf":{"@id":"https:\/\/imprimante-3d-volumic.com\/fr\/#website"},"datePublished":"2023-05-17T12:31:10+00:00","dateModified":"2023-05-25T13:53:36+00:00","description":"D\u00e9couvrez les dernieres actualit\u00e9s du fabricant Fran\u00e7ais d'imprimantes 3D : Volumic 3D","inLanguage":"fr-FR","potentialAction":[{"@type":"ReadAction","target":["https:\/\/imprimante-3d-volumic.com\/articles-1\/"]}]},{"@type":"WebSite","@id":"https:\/\/imprimante-3d-volumic.com\/fr\/#website","url":"https:\/\/imprimante-3d-volumic.com\/fr\/","name":"Volumic 3D","description":"Imprimantes 3D FDM fabrication fran\u00e7aise | VOLUMIC 3D","publisher":{"@id":"https:\/\/imprimante-3d-volumic.com\/fr\/#organization"},"potentialAction":[{"@type":"SearchAction","target":{"@type":"EntryPoint","urlTemplate":"https:\/\/imprimante-3d-volumic.com\/fr\/?s={search_term_string}"},"query-input":"required name=search_term_string"}],"inLanguage":"fr-FR"},{"@type":"Organization","@id":"https:\/\/imprimante-3d-volumic.com\/fr\/#organization","name":"Volumic 3D","url":"https:\/\/imprimante-3d-volumic.com\/fr\/","logo":{"@type":"ImageObject","inLanguage":"fr-FR","@id":"https:\/\/imprimante-3d-volumic.com\/fr\/#\/schema\/logo\/image\/","url":"https:\/\/imprimante-3d-volumic.com\/wp-content\/uploads\/2021\/09\/LOGO-footer.svg","contentUrl":"https:\/\/imprimante-3d-volumic.com\/wp-content\/uploads\/2021\/09\/LOGO-footer.svg","width":1,"height":1,"caption":"Volumic 3D"},"image":{"@id":"https:\/\/imprimante-3d-volumic.com\/fr\/#\/schema\/logo\/image\/"}}]}},"_links":{"self":[{"href":"https:\/\/imprimante-3d-volumic.com\/fr\/wp-json\/wp\/v2\/pages\/33621","targetHints":{"allow":["GET"]}}],"collection":[{"href":"https:\/\/imprimante-3d-volumic.com\/fr\/wp-json\/wp\/v2\/pages"}],"about":[{"href":"https:\/\/imprimante-3d-volumic.com\/fr\/wp-json\/wp\/v2\/types\/page"}],"author":[{"embeddable":true,"href":"https:\/\/imprimante-3d-volumic.com\/fr\/wp-json\/wp\/v2\/users\/7"}],"replies":[{"embeddable":true,"href":"https:\/\/imprimante-3d-volumic.com\/fr\/wp-json\/wp\/v2\/comments?post=33621"}],"version-history":[{"count":3,"href":"https:\/\/imprimante-3d-volumic.com\/fr\/wp-json\/wp\/v2\/pages\/33621\/revisions"}],"predecessor-version":[{"id":34235,"href":"https:\/\/imprimante-3d-volumic.com\/fr\/wp-json\/wp\/v2\/pages\/33621\/revisions\/34235"}],"wp:attachment":[{"href":"https:\/\/imprimante-3d-volumic.com\/fr\/wp-json\/wp\/v2\/media?parent=33621"}],"wp:term":[{"taxonomy":"folder","embeddable":true,"href":"https:\/\/imprimante-3d-volumic.com\/fr\/wp-json\/wp\/v2\/folder?post=33621"}],"curies":[{"name":"wp","href":"https:\/\/api.w.org\/{rel}","templated":true}]}}